{"id":7970,"date":"2025-12-04T08:17:16","date_gmt":"2025-12-04T08:17:16","guid":{"rendered":"https:\/\/spherefixgnss.com\/?post_type=product&#038;p=7970"},"modified":"2026-03-31T16:52:47","modified_gmt":"2026-03-31T08:52:47","slug":"smc10-dozer-control-system","status":"publish","type":"product","link":"https:\/\/spherefixgnss.com\/de\/product\/smc10-dozer-control-system\/","title":{"rendered":"SMC10 Planierraupen-Steuerungssystem"},"content":{"rendered":"<p>Das SMC10 Dozer Control System ist eine intelligente Steuerungsl\u00f6sung, die die Pr\u00e4zision, Effizienz und Sicherheit von Planierraupen erh\u00f6ht. Es integriert hochpr\u00e4zise Positionierungs-, Sensor- und Recheneinheiten, um die Positionierung und F\u00fchrung des Schildes in Echtzeit zu gew\u00e4hrleisten. Durch den Einsatz globaler Navigation und eingebetteter Technologien unterst\u00fctzt es die Echtzeit\u00fcberwachung und Fernsteuerung, wodurch die Bauqualit\u00e4t verbessert und die Arbeitsintensit\u00e4t verringert wird. Er eignet sich ideal f\u00fcr die Planierung von Grundst\u00fccken, den Stra\u00dfenbau, den Bau von Start- und Landebahnen auf Flugh\u00e4fen und andere schwere Erdbewegungsarbeiten und erm\u00f6glicht einen stabilen und koordinierten Einsatz mehrerer Maschinen.<\/p>","protected":false},"excerpt":{"rendered":"<p>SMC10 Dozer Control System is a smart control solution that enhances dozer precision, efficiency, and safety. It integrates high-precision positioning, sensors, and computing units to provide real-time blade positioning and guidance. Using global navigation and embedded technologies, it supports real-time monitoring and remote control, improving construction quality and reducing labor intensity. It is ideal for [&hellip;]<\/p>\n","protected":false},"featured_media":7971,"comment_status":"open","ping_status":"closed","template":"","meta":{"_surecart_dashboard_logo_width":"180px","_surecart_dashboard_show_logo":true,"_surecart_dashboard_navigation_orders":true,"_surecart_dashboard_navigation_invoices":true,"_surecart_dashboard_navigation_subscriptions":true,"_surecart_dashboard_navigation_downloads":true,"_surecart_dashboard_navigation_billing":true,"_surecart_dashboard_navigation_account":true,"_uag_custom_page_level_css":"","site-sidebar-layout":"default","site-content-layout":"","ast-site-content-layout":"default","site-content-style":"default","site-sidebar-style":"default","ast-global-header-display":"","ast-banner-title-visibility":"","ast-main-header-display":"","ast-hfb-above-header-display":"","ast-hfb-below-header-display":"","ast-hfb-mobile-header-display":"","site-post-title":"","ast-breadcrumbs-content":"","ast-featured-img":"","footer-sml-layout":"","ast-disable-related-posts":"","theme-transparent-header-meta":"default","adv-header-id-meta":"","stick-header-meta":"","header-above-stick-meta":"","header-main-stick-meta":"","header-below-stick-meta":"","astra-migrate-meta-layouts":"set","ast-page-background-enabled":"default","ast-page-background-meta":{"desktop":{"background-color":"","background-image":"","background-repeat":"repeat","background-position":"center center","background-size":"auto","background-attachment":"scroll","background-type":"","background-media":"","overlay-type":"","overlay-color":"","overlay-opacity":"","overlay-gradient":""},"tablet":{"background-color":"","background-image":"","background-repeat":"repeat","background-position":"center center","background-size":"auto","background-attachment":"scroll","background-type":"","background-media":"","overlay-type":"","overlay-color":"","overlay-opacity":"","overlay-gradient":""},"mobile":{"background-color":"","background-image":"","background-repeat":"repeat","background-position":"center center","background-size":"auto","background-attachment":"scroll","background-type":"","background-media":"","overlay-type":"","overlay-color":"","overlay-opacity":"","overlay-gradient":""}},"ast-content-background-meta":{"desktop":{"background-color":"var(--ast-global-color-5)","background-image":"","background-repeat":"repeat","background-position":"center center","background-size":"auto","background-attachment":"scroll","background-type":"","background-media":"","overlay-type":"","overlay-color":"","overlay-opacity":"","overlay-gradient":""},"tablet":{"background-color":"var(--ast-global-color-5)","background-image":"","background-repeat":"repeat","background-position":"center center","background-size":"auto","background-attachment":"scroll","background-type":"","background-media":"","overlay-type":"","overlay-color":"","overlay-opacity":"","overlay-gradient":""},"mobile":{"background-color":"var(--ast-global-color-5)","background-image":"","background-repeat":"repeat","background-position":"center center","background-size":"auto","background-attachment":"scroll","background-type":"","background-media":"","overlay-type":"","overlay-color":"","overlay-opacity":"","overlay-gradient":""}}},"product_brand":[],"product_cat":[58],"product_tag":[60,59],"class_list":{"0":"post-7970","1":"product","2":"type-product","3":"status-publish","4":"has-post-thumbnail","6":"product_cat-machine-control","7":"product_tag-dozer-control-system","8":"product_tag-smc10","9":"desktop-align-left","10":"tablet-align-left","11":"mobile-align-left","13":"first","14":"outofstock","15":"sale","16":"shipping-taxable","17":"purchasable","18":"product-type-simple"},"uagb_featured_image_src":{"full":["https:\/\/spherefixgnss.com\/wp-content\/uploads\/2025\/12\/SMC10\u4e3b\u56fe\uff08\u65e0\u80cc\u666f\uff09-scaled-e1764840611153.png",1766,1460,false],"thumbnail":["https:\/\/spherefixgnss.com\/wp-content\/uploads\/2025\/12\/SMC10\u4e3b\u56fe\uff08\u65e0\u80cc\u666f\uff09-scaled-e1764840611153-150x150.png",150,150,true],"medium":["https:\/\/spherefixgnss.com\/wp-content\/uploads\/2025\/12\/SMC10\u4e3b\u56fe\uff08\u65e0\u80cc\u666f\uff09-scaled-e1764840611153-300x248.png",300,248,true],"medium_large":["https:\/\/spherefixgnss.com\/wp-content\/uploads\/2025\/12\/SMC10\u4e3b\u56fe\uff08\u65e0\u80cc\u666f\uff09-scaled-e1764840611153-768x635.png",768,635,true],"large":["https:\/\/spherefixgnss.com\/wp-content\/uploads\/2025\/12\/SMC10\u4e3b\u56fe\uff08\u65e0\u80cc\u666f\uff09-scaled-e1764840611153-1024x847.png",1024,847,true],"1536x1536":["https:\/\/spherefixgnss.com\/wp-content\/uploads\/2025\/12\/SMC10\u4e3b\u56fe\uff08\u65e0\u80cc\u666f\uff09-scaled-e1764840611153-1536x1270.png",1536,1270,true],"2048x2048":["https:\/\/spherefixgnss.com\/wp-content\/uploads\/2025\/12\/SMC10\u4e3b\u56fe\uff08\u65e0\u80cc\u666f\uff09-2048x1448.png",2048,1448,true],"trp-custom-language-flag":["https:\/\/spherefixgnss.com\/wp-content\/uploads\/2025\/12\/SMC10\u4e3b\u56fe\uff08\u65e0\u80cc\u666f\uff09-scaled-e1764840611153.png",15,12,false],"woocommerce_thumbnail":["https:\/\/spherefixgnss.com\/wp-content\/uploads\/2025\/12\/SMC10\u4e3b\u56fe\uff08\u65e0\u80cc\u666f\uff09-scaled-e1764840611153-300x300.png",300,300,true],"woocommerce_single":["https:\/\/spherefixgnss.com\/wp-content\/uploads\/2025\/12\/SMC10\u4e3b\u56fe\uff08\u65e0\u80cc\u666f\uff09-scaled-e1764840611153-600x496.png",600,496,true],"woocommerce_gallery_thumbnail":["https:\/\/spherefixgnss.com\/wp-content\/uploads\/2025\/12\/SMC10\u4e3b\u56fe\uff08\u65e0\u80cc\u666f\uff09-scaled-e1764840611153-100x100.png",100,100,true]},"uagb_author_info":{"display_name":"jeffreyrtk@gmail.com","author_link":"https:\/\/spherefixgnss.com\/de\/author\/"},"uagb_comment_info":0,"uagb_excerpt":"SMC10 Dozer Control System is a smart control solution that enhances dozer precision, efficiency, and safety. It integrates high-precision positioning, sensors, and computing units to provide real-time blade positioning and guidance. Using global navigation and embedded technologies, it supports real-time monitoring and remote control, improving construction quality and reducing labor intensity. It is ideal for&hellip;","_links":{"self":[{"href":"https:\/\/spherefixgnss.com\/de\/wp-json\/wp\/v2\/product\/7970","targetHints":{"allow":["GET"]}}],"collection":[{"href":"https:\/\/spherefixgnss.com\/de\/wp-json\/wp\/v2\/product"}],"about":[{"href":"https:\/\/spherefixgnss.com\/de\/wp-json\/wp\/v2\/types\/product"}],"replies":[{"embeddable":true,"href":"https:\/\/spherefixgnss.com\/de\/wp-json\/wp\/v2\/comments?post=7970"}],"version-history":[{"count":1,"href":"https:\/\/spherefixgnss.com\/de\/wp-json\/wp\/v2\/product\/7970\/revisions"}],"predecessor-version":[{"id":7974,"href":"https:\/\/spherefixgnss.com\/de\/wp-json\/wp\/v2\/product\/7970\/revisions\/7974"}],"wp:featuredmedia":[{"embeddable":true,"href":"https:\/\/spherefixgnss.com\/de\/wp-json\/wp\/v2\/media\/7971"}],"wp:attachment":[{"href":"https:\/\/spherefixgnss.com\/de\/wp-json\/wp\/v2\/media?parent=7970"}],"wp:term":[{"taxonomy":"product_brand","embeddable":true,"href":"https:\/\/spherefixgnss.com\/de\/wp-json\/wp\/v2\/product_brand?post=7970"},{"taxonomy":"product_cat","embeddable":true,"href":"https:\/\/spherefixgnss.com\/de\/wp-json\/wp\/v2\/product_cat?post=7970"},{"taxonomy":"product_tag","embeddable":true,"href":"https:\/\/spherefixgnss.com\/de\/wp-json\/wp\/v2\/product_tag?post=7970"}],"curies":[{"name":"wp","href":"https:\/\/api.w.org\/{rel}","templated":true}]}}