{"id":7993,"date":"2025-12-05T00:59:38","date_gmt":"2025-12-05T00:59:38","guid":{"rendered":"https:\/\/spherefixgnss.com\/?post_type=product&#038;p=7993"},"modified":"2026-03-31T16:51:03","modified_gmt":"2026-03-31T08:51:03","slug":"smc20-excavator-guidance-system","status":"publish","type":"product","link":"https:\/\/spherefixgnss.com\/de\/product\/smc20-excavator-guidance-system\/","title":{"rendered":"SMC20 Bagger-Leitsystem"},"content":{"rendered":"<p>Das SMC20 Baggerleitsystem ist eine hochentwickelte L\u00f6sung mit hoher Pr\u00e4zision und hoher Leistung, die einen visualisierten Betrieb erm\u00f6glicht. Es liefert genaue Positionsinformationen der Schaufelspitze und des Schneid-\/F\u00fcllvolumens durch hochpr\u00e4zise Positionierungstechnologie, Sensordatenerfassung und Datenverarbeitung in Echtzeit. Es ist mit verschiedenen Baggern kompatibel und eignet sich f\u00fcr viele Situationen, wie z. B. das Ausbaggern von Fl\u00fcssen, das Ausbaggern von Meeresb\u00f6den und das Abtragen von Stra\u00dfenb\u00f6schungen. Ein einziger Bediener kann alle Aufgaben erledigen, was Arbeitskosten und Bauzeit reduziert.<\/p>","protected":false},"excerpt":{"rendered":"<p>SMC20 Excavator Guidance System is a sophisticated solution with high precision and high performance, which offers visualized operation. It provides accurate position information of the bucket tip and cut\/fill volumes through high-precision positioning technology, sensor data acquisition, and real-time data processing.Compatible with various excavators, it fits many situations like river excavation, seabed dredging, and highway [&hellip;]<\/p>\n","protected":false},"featured_media":7994,"comment_status":"open","ping_status":"closed","template":"","meta":{"_surecart_dashboard_logo_width":"180px","_surecart_dashboard_show_logo":true,"_surecart_dashboard_navigation_orders":true,"_surecart_dashboard_navigation_invoices":true,"_surecart_dashboard_navigation_subscriptions":true,"_surecart_dashboard_navigation_downloads":true,"_surecart_dashboard_navigation_billing":true,"_surecart_dashboard_navigation_account":true,"_uag_custom_page_level_css":"","site-sidebar-layout":"default","site-content-layout":"","ast-site-content-layout":"default","site-content-style":"default","site-sidebar-style":"default","ast-global-header-display":"","ast-banner-title-visibility":"","ast-main-header-display":"","ast-hfb-above-header-display":"","ast-hfb-below-header-display":"","ast-hfb-mobile-header-display":"","site-post-title":"","ast-breadcrumbs-content":"","ast-featured-img":"","footer-sml-layout":"","ast-disable-related-posts":"","theme-transparent-header-meta":"default","adv-header-id-meta":"","stick-header-meta":"","header-above-stick-meta":"","header-main-stick-meta":"","header-below-stick-meta":"","astra-migrate-meta-layouts":"set","ast-page-background-enabled":"default","ast-page-background-meta":{"desktop":{"background-color":"","background-image":"","background-repeat":"repeat","background-position":"center center","background-size":"auto","background-attachment":"scroll","background-type":"","background-media":"","overlay-type":"","overlay-color":"","overlay-opacity":"","overlay-gradient":""},"tablet":{"background-color":"","background-image":"","background-repeat":"repeat","background-position":"center center","background-size":"auto","background-attachment":"scroll","background-type":"","background-media":"","overlay-type":"","overlay-color":"","overlay-opacity":"","overlay-gradient":""},"mobile":{"background-color":"","background-image":"","background-repeat":"repeat","background-position":"center center","background-size":"auto","background-attachment":"scroll","background-type":"","background-media":"","overlay-type":"","overlay-color":"","overlay-opacity":"","overlay-gradient":""}},"ast-content-background-meta":{"desktop":{"background-color":"var(--ast-global-color-5)","background-image":"","background-repeat":"repeat","background-position":"center center","background-size":"auto","background-attachment":"scroll","background-type":"","background-media":"","overlay-type":"","overlay-color":"","overlay-opacity":"","overlay-gradient":""},"tablet":{"background-color":"var(--ast-global-color-5)","background-image":"","background-repeat":"repeat","background-position":"center center","background-size":"auto","background-attachment":"scroll","background-type":"","background-media":"","overlay-type":"","overlay-color":"","overlay-opacity":"","overlay-gradient":""},"mobile":{"background-color":"var(--ast-global-color-5)","background-image":"","background-repeat":"repeat","background-position":"center center","background-size":"auto","background-attachment":"scroll","background-type":"","background-media":"","overlay-type":"","overlay-color":"","overlay-opacity":"","overlay-gradient":""}}},"product_brand":[],"product_cat":[58],"product_tag":[62,61],"class_list":{"0":"post-7993","1":"product","2":"type-product","3":"status-publish","4":"has-post-thumbnail","6":"product_cat-machine-control","7":"product_tag-excavator-guidance-system","8":"product_tag-smc20","9":"desktop-align-left","10":"tablet-align-left","11":"mobile-align-left","13":"first","14":"outofstock","15":"sale","16":"shipping-taxable","17":"purchasable","18":"product-type-simple"},"uagb_featured_image_src":{"full":["https:\/\/spherefixgnss.com\/wp-content\/uploads\/2025\/12\/SMC20\u4e3b\u56fe\uff08\u65e0\u80cc\u666f\uff09-scaled-e1764896763508.png",1886,1596,false],"thumbnail":["https:\/\/spherefixgnss.com\/wp-content\/uploads\/2025\/12\/SMC20\u4e3b\u56fe\uff08\u65e0\u80cc\u666f\uff09-scaled-e1764896763508-150x150.png",150,150,true],"medium":["https:\/\/spherefixgnss.com\/wp-content\/uploads\/2025\/12\/SMC20\u4e3b\u56fe\uff08\u65e0\u80cc\u666f\uff09-scaled-e1764896763508-300x254.png",300,254,true],"medium_large":["https:\/\/spherefixgnss.com\/wp-content\/uploads\/2025\/12\/SMC20\u4e3b\u56fe\uff08\u65e0\u80cc\u666f\uff09-scaled-e1764896763508-768x650.png",768,650,true],"large":["https:\/\/spherefixgnss.com\/wp-content\/uploads\/2025\/12\/SMC20\u4e3b\u56fe\uff08\u65e0\u80cc\u666f\uff09-scaled-e1764896763508-1024x867.png",1024,867,true],"1536x1536":["https:\/\/spherefixgnss.com\/wp-content\/uploads\/2025\/12\/SMC20\u4e3b\u56fe\uff08\u65e0\u80cc\u666f\uff09-scaled-e1764896763508-1536x1300.png",1536,1300,true],"2048x2048":["https:\/\/spherefixgnss.com\/wp-content\/uploads\/2025\/12\/SMC20\u4e3b\u56fe\uff08\u65e0\u80cc\u666f\uff09-2048x1448.png",2048,1448,true],"trp-custom-language-flag":["https:\/\/spherefixgnss.com\/wp-content\/uploads\/2025\/12\/SMC20\u4e3b\u56fe\uff08\u65e0\u80cc\u666f\uff09-scaled-e1764896763508.png",14,12,false],"woocommerce_thumbnail":["https:\/\/spherefixgnss.com\/wp-content\/uploads\/2025\/12\/SMC20\u4e3b\u56fe\uff08\u65e0\u80cc\u666f\uff09-scaled-e1764896763508-300x300.png",300,300,true],"woocommerce_single":["https:\/\/spherefixgnss.com\/wp-content\/uploads\/2025\/12\/SMC20\u4e3b\u56fe\uff08\u65e0\u80cc\u666f\uff09-scaled-e1764896763508-600x508.png",600,508,true],"woocommerce_gallery_thumbnail":["https:\/\/spherefixgnss.com\/wp-content\/uploads\/2025\/12\/SMC20\u4e3b\u56fe\uff08\u65e0\u80cc\u666f\uff09-scaled-e1764896763508-100x100.png",100,100,true]},"uagb_author_info":{"display_name":"jeffreyrtk@gmail.com","author_link":"https:\/\/spherefixgnss.com\/de\/author\/"},"uagb_comment_info":0,"uagb_excerpt":"SMC20 Excavator Guidance System is a sophisticated solution with high precision and high performance, which offers visualized operation. It provides accurate position information of the bucket tip and cut\/fill volumes through high-precision positioning technology, sensor data acquisition, and real-time data processing.Compatible with various excavators, it fits many situations like river excavation, seabed dredging, and highway&hellip;","_links":{"self":[{"href":"https:\/\/spherefixgnss.com\/de\/wp-json\/wp\/v2\/product\/7993","targetHints":{"allow":["GET"]}}],"collection":[{"href":"https:\/\/spherefixgnss.com\/de\/wp-json\/wp\/v2\/product"}],"about":[{"href":"https:\/\/spherefixgnss.com\/de\/wp-json\/wp\/v2\/types\/product"}],"replies":[{"embeddable":true,"href":"https:\/\/spherefixgnss.com\/de\/wp-json\/wp\/v2\/comments?post=7993"}],"version-history":[{"count":1,"href":"https:\/\/spherefixgnss.com\/de\/wp-json\/wp\/v2\/product\/7993\/revisions"}],"predecessor-version":[{"id":7997,"href":"https:\/\/spherefixgnss.com\/de\/wp-json\/wp\/v2\/product\/7993\/revisions\/7997"}],"wp:featuredmedia":[{"embeddable":true,"href":"https:\/\/spherefixgnss.com\/de\/wp-json\/wp\/v2\/media\/7994"}],"wp:attachment":[{"href":"https:\/\/spherefixgnss.com\/de\/wp-json\/wp\/v2\/media?parent=7993"}],"wp:term":[{"taxonomy":"product_brand","embeddable":true,"href":"https:\/\/spherefixgnss.com\/de\/wp-json\/wp\/v2\/product_brand?post=7993"},{"taxonomy":"product_cat","embeddable":true,"href":"https:\/\/spherefixgnss.com\/de\/wp-json\/wp\/v2\/product_cat?post=7993"},{"taxonomy":"product_tag","embeddable":true,"href":"https:\/\/spherefixgnss.com\/de\/wp-json\/wp\/v2\/product_tag?post=7993"}],"curies":[{"name":"wp","href":"https:\/\/api.w.org\/{rel}","templated":true}]}}