{"id":8073,"date":"2025-12-05T07:02:25","date_gmt":"2025-12-05T07:02:25","guid":{"rendered":"https:\/\/spherefixgnss.com\/?post_type=product&#038;p=8073"},"modified":"2026-03-31T16:46:55","modified_gmt":"2026-03-31T08:46:55","slug":"fieldgenius","status":"publish","type":"product","link":"https:\/\/spherefixgnss.com\/tr\/product\/fieldgenius\/","title":{"rendered":"FieldGenius"},"content":{"rendered":"<p>FieldGenius, MicroSurvey taraf\u0131ndan geli\u015ftirilen, Android ve Windows platformu i\u00e7in tasarlanm\u0131\u015f bir \u00f6l\u00e7me yaz\u0131l\u0131m\u0131d\u0131r. MicroSurvey, FieldGenius uygulamas\u0131nda bilgilerini Android ve Windows platformuna ta\u015f\u0131mak i\u00e7in saha \u00f6l\u00e7me yaz\u0131l\u0131m\u0131nda onlarca y\u0131ll\u0131k yenilik ve uzmanl\u0131ktan yararlanm\u0131\u015ft\u0131r.<\/p>","protected":false},"excerpt":{"rendered":"<p>FieldGenius, MicroSurvey taraf\u0131ndan geli\u015ftirilen, Android ve Windows platformu i\u00e7in tasarlanm\u0131\u015f bir \u00f6l\u00e7me yaz\u0131l\u0131m\u0131d\u0131r. MicroSurvey, FieldGenius uygulamas\u0131nda bilgilerini Android ve Windows platformuna ta\u015f\u0131mak i\u00e7in saha \u00f6l\u00e7me yaz\u0131l\u0131m\u0131nda onlarca y\u0131ll\u0131k yenilik ve uzmanl\u0131ktan yararlanm\u0131\u015ft\u0131r.<\/p>","protected":false},"featured_media":8074,"comment_status":"open","ping_status":"closed","template":"","meta":{"_surecart_dashboard_logo_width":"180px","_surecart_dashboard_show_logo":true,"_surecart_dashboard_navigation_orders":true,"_surecart_dashboard_navigation_invoices":true,"_surecart_dashboard_navigation_subscriptions":true,"_surecart_dashboard_navigation_downloads":true,"_surecart_dashboard_navigation_billing":true,"_surecart_dashboard_navigation_account":true,"_uag_custom_page_level_css":"","site-sidebar-layout":"default","site-content-layout":"","ast-site-content-layout":"default","site-content-style":"default","site-sidebar-style":"default","ast-global-header-display":"","ast-banner-title-visibility":"","ast-main-header-display":"","ast-hfb-above-header-display":"","ast-hfb-below-header-display":"","ast-hfb-mobile-header-display":"","site-post-title":"","ast-breadcrumbs-content":"","ast-featured-img":"","footer-sml-layout":"","ast-disable-related-posts":"","theme-transparent-header-meta":"default","adv-header-id-meta":"","stick-header-meta":"","header-above-stick-meta":"","header-main-stick-meta":"","header-below-stick-meta":"","astra-migrate-meta-layouts":"set","ast-page-background-enabled":"default","ast-page-background-meta":{"desktop":{"background-color":"","background-image":"","background-repeat":"repeat","background-position":"center center","background-size":"auto","background-attachment":"scroll","background-type":"","background-media":"","overlay-type":"","overlay-color":"","overlay-opacity":"","overlay-gradient":""},"tablet":{"background-color":"","background-image":"","background-repeat":"repeat","background-position":"center center","background-size":"auto","background-attachment":"scroll","background-type":"","background-media":"","overlay-type":"","overlay-color":"","overlay-opacity":"","overlay-gradient":""},"mobile":{"background-color":"","background-image":"","background-repeat":"repeat","background-position":"center center","background-size":"auto","background-attachment":"scroll","background-type":"","background-media":"","overlay-type":"","overlay-color":"","overlay-opacity":"","overlay-gradient":""}},"ast-content-background-meta":{"desktop":{"background-color":"var(--ast-global-color-5)","background-image":"","background-repeat":"repeat","background-position":"center center","background-size":"auto","background-attachment":"scroll","background-type":"","background-media":"","overlay-type":"","overlay-color":"","overlay-opacity":"","overlay-gradient":""},"tablet":{"background-color":"var(--ast-global-color-5)","background-image":"","background-repeat":"repeat","background-position":"center center","background-size":"auto","background-attachment":"scroll","background-type":"","background-media":"","overlay-type":"","overlay-color":"","overlay-opacity":"","overlay-gradient":""},"mobile":{"background-color":"var(--ast-global-color-5)","background-image":"","background-repeat":"repeat","background-position":"center center","background-size":"auto","background-attachment":"scroll","background-type":"","background-media":"","overlay-type":"","overlay-color":"","overlay-opacity":"","overlay-gradient":""}}},"product_brand":[],"product_cat":[66],"product_tag":[69,36,68],"class_list":{"0":"post-8073","1":"product","2":"type-product","3":"status-publish","4":"has-post-thumbnail","6":"product_cat-software","7":"product_tag-fieldgenius","8":"product_tag-gnss-receiver","9":"product_tag-software","10":"desktop-align-left","11":"tablet-align-left","12":"mobile-align-left","14":"first","15":"outofstock","16":"sale","17":"shipping-taxable","18":"purchasable","19":"product-type-simple"},"uagb_featured_image_src":{"full":["https:\/\/spherefixgnss.com\/wp-content\/uploads\/2025\/12\/FieldGenius.png",958,958,false],"thumbnail":["https:\/\/spherefixgnss.com\/wp-content\/uploads\/2025\/12\/FieldGenius-150x150.png",150,150,true],"medium":["https:\/\/spherefixgnss.com\/wp-content\/uploads\/2025\/12\/FieldGenius-300x300.png",300,300,true],"medium_large":["https:\/\/spherefixgnss.com\/wp-content\/uploads\/2025\/12\/FieldGenius-768x768.png",768,768,true],"large":["https:\/\/spherefixgnss.com\/wp-content\/uploads\/2025\/12\/FieldGenius.png",958,958,false],"1536x1536":["https:\/\/spherefixgnss.com\/wp-content\/uploads\/2025\/12\/FieldGenius.png",958,958,false],"2048x2048":["https:\/\/spherefixgnss.com\/wp-content\/uploads\/2025\/12\/FieldGenius.png",958,958,false],"trp-custom-language-flag":["https:\/\/spherefixgnss.com\/wp-content\/uploads\/2025\/12\/FieldGenius.png",12,12,false],"woocommerce_thumbnail":["https:\/\/spherefixgnss.com\/wp-content\/uploads\/2025\/12\/FieldGenius-300x300.png",300,300,true],"woocommerce_single":["https:\/\/spherefixgnss.com\/wp-content\/uploads\/2025\/12\/FieldGenius-600x600.png",600,600,true],"woocommerce_gallery_thumbnail":["https:\/\/spherefixgnss.com\/wp-content\/uploads\/2025\/12\/FieldGenius-100x100.png",100,100,true]},"uagb_author_info":{"display_name":"jeffreyrtk@gmail.com","author_link":"https:\/\/spherefixgnss.com\/tr\/author\/"},"uagb_comment_info":0,"uagb_excerpt":"FieldGenius is a surveying software developed by MicroSurvey, designed for the Android and Windows platform. MicroSurvey has leveraged decades of innovation and expertise in field surveying software to bring their knowledge to the Android and Windows platform within the FieldGenius application.","_links":{"self":[{"href":"https:\/\/spherefixgnss.com\/tr\/wp-json\/wp\/v2\/product\/8073","targetHints":{"allow":["GET"]}}],"collection":[{"href":"https:\/\/spherefixgnss.com\/tr\/wp-json\/wp\/v2\/product"}],"about":[{"href":"https:\/\/spherefixgnss.com\/tr\/wp-json\/wp\/v2\/types\/product"}],"replies":[{"embeddable":true,"href":"https:\/\/spherefixgnss.com\/tr\/wp-json\/wp\/v2\/comments?post=8073"}],"version-history":[{"count":1,"href":"https:\/\/spherefixgnss.com\/tr\/wp-json\/wp\/v2\/product\/8073\/revisions"}],"predecessor-version":[{"id":8078,"href":"https:\/\/spherefixgnss.com\/tr\/wp-json\/wp\/v2\/product\/8073\/revisions\/8078"}],"wp:featuredmedia":[{"embeddable":true,"href":"https:\/\/spherefixgnss.com\/tr\/wp-json\/wp\/v2\/media\/8074"}],"wp:attachment":[{"href":"https:\/\/spherefixgnss.com\/tr\/wp-json\/wp\/v2\/media?parent=8073"}],"wp:term":[{"taxonomy":"product_brand","embeddable":true,"href":"https:\/\/spherefixgnss.com\/tr\/wp-json\/wp\/v2\/product_brand?post=8073"},{"taxonomy":"product_cat","embeddable":true,"href":"https:\/\/spherefixgnss.com\/tr\/wp-json\/wp\/v2\/product_cat?post=8073"},{"taxonomy":"product_tag","embeddable":true,"href":"https:\/\/spherefixgnss.com\/tr\/wp-json\/wp\/v2\/product_tag?post=8073"}],"curies":[{"name":"wp","href":"https:\/\/api.w.org\/{rel}","templated":true}]}}