{"id":7854,"date":"2025-12-03T07:24:48","date_gmt":"2025-12-03T07:24:48","guid":{"rendered":"https:\/\/spherefixgnss.com\/?post_type=product&#038;p=7854"},"modified":"2026-03-31T17:00:45","modified_gmt":"2026-03-31T09:00:45","slug":"s66ugh-lite-gnss-receiver","status":"publish","type":"product","link":"https:\/\/spherefixgnss.com\/vi\/product\/s66ugh-lite-gnss-receiver\/","title":{"rendered":"S66UGH-Lite GNSS Thu ph\u00e1t t\u00edn hi\u1ec7u"},"content":{"rendered":"<p>S66UGH-Lite l\u00e0 m\u1ed9t b\u1ed9 thu GNSS miniaturized v\u00e0 \u0111a ch\u1ee9c n\u0103ng \u0111\u01b0\u1ee3c thi\u1ebft k\u1ebf cho vi\u1ec7c x\u00e2y d\u1ef1ng h\u1ec7 th\u1ed1ng n\u00e2ng c\u1ea5p m\u1eb7t \u0111\u1ea5t Beidou. Thi\u1ebft b\u1ecb n\u00e0y \u0111\u01b0\u1ee3c trang b\u1ecb m\u00f4-\u0111un \u0111\u1ecbnh v\u1ecb \u0111i\u1ec3m to\u00e0n h\u1ec7 th\u1ed1ng, to\u00e0n t\u1ea7n s\u1ed1 v\u1edbi 1408 k\u00eanh, h\u1ec7 \u0111i\u1ec1u h\u00e0nh Linux, nhi\u1ec1u lo\u1ea1i giao di\u1ec7n, c\u00e1c ph\u01b0\u01a1ng th\u1ee9c truy\u1ec1n th\u00f4ng \u0111a d\u1ea1ng v\u00e0 h\u1ed7 tr\u1ee3 l\u01b0u tr\u1eef d\u1eef li\u1ec7u dung l\u01b0\u1ee3ng l\u1edbn. \u0110\u00e2y l\u00e0 l\u1ef1a ch\u1ecdn t\u1ed1i \u01b0u cho vi\u1ec7c x\u00e2y d\u1ef1ng h\u1ec7 th\u1ed1ng n\u00e2ng c\u1ea5p m\u1eb7t \u0111\u1ea5t Beidou.<\/p>","protected":false},"excerpt":{"rendered":"<p>S66UGH-Lite GNSS Thu ph\u00e1t t\u00edn hi\u1ec7u<\/p>","protected":false},"featured_media":7856,"comment_status":"open","ping_status":"closed","template":"","meta":{"_surecart_dashboard_logo_width":"180px","_surecart_dashboard_show_logo":true,"_surecart_dashboard_navigation_orders":true,"_surecart_dashboard_navigation_invoices":true,"_surecart_dashboard_navigation_subscriptions":true,"_surecart_dashboard_navigation_downloads":true,"_surecart_dashboard_navigation_billing":true,"_surecart_dashboard_navigation_account":true,"_uag_custom_page_level_css":"","site-sidebar-layout":"default","site-content-layout":"","ast-site-content-layout":"default","site-content-style":"default","site-sidebar-style":"default","ast-global-header-display":"","ast-banner-title-visibility":"","ast-main-header-display":"","ast-hfb-above-header-display":"","ast-hfb-below-header-display":"","ast-hfb-mobile-header-display":"","site-post-title":"","ast-breadcrumbs-content":"","ast-featured-img":"","footer-sml-layout":"","ast-disable-related-posts":"","theme-transparent-header-meta":"default","adv-header-id-meta":"","stick-header-meta":"","header-above-stick-meta":"","header-main-stick-meta":"","header-below-stick-meta":"","astra-migrate-meta-layouts":"set","ast-page-background-enabled":"default","ast-page-background-meta":{"desktop":{"background-color":"","background-image":"","background-repeat":"repeat","background-position":"center center","background-size":"auto","background-attachment":"scroll","background-type":"","background-media":"","overlay-type":"","overlay-color":"","overlay-opacity":"","overlay-gradient":""},"tablet":{"background-color":"","background-image":"","background-repeat":"repeat","background-position":"center center","background-size":"auto","background-attachment":"scroll","background-type":"","background-media":"","overlay-type":"","overlay-color":"","overlay-opacity":"","overlay-gradient":""},"mobile":{"background-color":"","background-image":"","background-repeat":"repeat","background-position":"center center","background-size":"auto","background-attachment":"scroll","background-type":"","background-media":"","overlay-type":"","overlay-color":"","overlay-opacity":"","overlay-gradient":""}},"ast-content-background-meta":{"desktop":{"background-color":"var(--ast-global-color-5)","background-image":"","background-repeat":"repeat","background-position":"center center","background-size":"auto","background-attachment":"scroll","background-type":"","background-media":"","overlay-type":"","overlay-color":"","overlay-opacity":"","overlay-gradient":""},"tablet":{"background-color":"var(--ast-global-color-5)","background-image":"","background-repeat":"repeat","background-position":"center center","background-size":"auto","background-attachment":"scroll","background-type":"","background-media":"","overlay-type":"","overlay-color":"","overlay-opacity":"","overlay-gradient":""},"mobile":{"background-color":"var(--ast-global-color-5)","background-image":"","background-repeat":"repeat","background-position":"center center","background-size":"auto","background-attachment":"scroll","background-type":"","background-media":"","overlay-type":"","overlay-color":"","overlay-opacity":"","overlay-gradient":""}}},"product_brand":[],"product_cat":[35],"product_tag":[36,37,47],"class_list":{"0":"post-7854","1":"product","2":"type-product","3":"status-publish","4":"has-post-thumbnail","6":"product_cat-gnss-receiver","7":"product_tag-gnss-receiver","8":"product_tag-rtk","9":"product_tag-s66ugh-lite","10":"desktop-align-left","11":"tablet-align-left","12":"mobile-align-left","14":"first","15":"outofstock","16":"sale","17":"shipping-taxable","18":"purchasable","19":"product-type-simple"},"uagb_featured_image_src":{"full":["https:\/\/spherefixgnss.com\/wp-content\/uploads\/2025\/12\/S66Lite-UG.png",958,958,false],"thumbnail":["https:\/\/spherefixgnss.com\/wp-content\/uploads\/2025\/12\/S66Lite-UG-150x150.png",150,150,true],"medium":["https:\/\/spherefixgnss.com\/wp-content\/uploads\/2025\/12\/S66Lite-UG-300x300.png",300,300,true],"medium_large":["https:\/\/spherefixgnss.com\/wp-content\/uploads\/2025\/12\/S66Lite-UG-768x768.png",768,768,true],"large":["https:\/\/spherefixgnss.com\/wp-content\/uploads\/2025\/12\/S66Lite-UG.png",958,958,false],"1536x1536":["https:\/\/spherefixgnss.com\/wp-content\/uploads\/2025\/12\/S66Lite-UG.png",958,958,false],"2048x2048":["https:\/\/spherefixgnss.com\/wp-content\/uploads\/2025\/12\/S66Lite-UG.png",958,958,false],"trp-custom-language-flag":["https:\/\/spherefixgnss.com\/wp-content\/uploads\/2025\/12\/S66Lite-UG.png",12,12,false],"woocommerce_thumbnail":["https:\/\/spherefixgnss.com\/wp-content\/uploads\/2025\/12\/S66Lite-UG-300x300.png",300,300,true],"woocommerce_single":["https:\/\/spherefixgnss.com\/wp-content\/uploads\/2025\/12\/S66Lite-UG-600x600.png",600,600,true],"woocommerce_gallery_thumbnail":["https:\/\/spherefixgnss.com\/wp-content\/uploads\/2025\/12\/S66Lite-UG-100x100.png",100,100,true]},"uagb_author_info":{"display_name":"jeffreyrtk@gmail.com","author_link":"https:\/\/spherefixgnss.com\/vi\/author\/"},"uagb_comment_info":0,"uagb_excerpt":"S66UGH-Lite GNSS Receiver","_links":{"self":[{"href":"https:\/\/spherefixgnss.com\/vi\/wp-json\/wp\/v2\/product\/7854","targetHints":{"allow":["GET"]}}],"collection":[{"href":"https:\/\/spherefixgnss.com\/vi\/wp-json\/wp\/v2\/product"}],"about":[{"href":"https:\/\/spherefixgnss.com\/vi\/wp-json\/wp\/v2\/types\/product"}],"replies":[{"embeddable":true,"href":"https:\/\/spherefixgnss.com\/vi\/wp-json\/wp\/v2\/comments?post=7854"}],"version-history":[{"count":3,"href":"https:\/\/spherefixgnss.com\/vi\/wp-json\/wp\/v2\/product\/7854\/revisions"}],"predecessor-version":[{"id":10170,"href":"https:\/\/spherefixgnss.com\/vi\/wp-json\/wp\/v2\/product\/7854\/revisions\/10170"}],"wp:featuredmedia":[{"embeddable":true,"href":"https:\/\/spherefixgnss.com\/vi\/wp-json\/wp\/v2\/media\/7856"}],"wp:attachment":[{"href":"https:\/\/spherefixgnss.com\/vi\/wp-json\/wp\/v2\/media?parent=7854"}],"wp:term":[{"taxonomy":"product_brand","embeddable":true,"href":"https:\/\/spherefixgnss.com\/vi\/wp-json\/wp\/v2\/product_brand?post=7854"},{"taxonomy":"product_cat","embeddable":true,"href":"https:\/\/spherefixgnss.com\/vi\/wp-json\/wp\/v2\/product_cat?post=7854"},{"taxonomy":"product_tag","embeddable":true,"href":"https:\/\/spherefixgnss.com\/vi\/wp-json\/wp\/v2\/product_tag?post=7854"}],"curies":[{"name":"wp","href":"https:\/\/api.w.org\/{rel}","templated":true}]}}